{"id":4999,"date":"2019-01-09T21:52:39","date_gmt":"2019-01-10T02:52:39","guid":{"rendered":"https:\/\/www.albuca.com\/produt\/endocal-10\/"},"modified":"2019-07-25T10:20:07","modified_gmt":"2019-07-25T15:20:07","slug":"endocal-10","status":"publish","type":"product","link":"https:\/\/www.albuca.com\/fr\/produit\/endocal-10\/","title":{"rendered":"Endocal 10"},"content":{"rendered":"","protected":false},"excerpt":{"rendered":"<p>L&rsquo;oxyde de calcium lourd endocal 10 permet enfin au dentiste de r\u00e9aliser la Triade endodontique, soit la p\u00e9n\u00e9tration compl\u00e8te des canaux et tubuli, l&rsquo;asepsie totale de l&rsquo;endodonte et l&rsquo;obturation compl\u00e8te et permanente des canaux primaires et secondaires. En raison de son exceptionnelle affinit\u00e9 hydrique, Endocal 10 p\u00e9n\u00e8tre progressivement dans les zones inaccessibles sans g\u00e9n\u00e9rer de pression.<\/p>\n","protected":false},"featured_media":4908,"template":"","meta":{"_mi_skip_tracking":false},"product_cat":[1110],"product_tag":[],"yoast_head":"<!-- This site is optimized with the Yoast SEO plugin v18.3 - https:\/\/yoast.com\/wordpress\/plugins\/seo\/ -->\n<title>Endocal 10 - ALBUCA<\/title>\n<meta name=\"robots\" content=\"index, follow, max-snippet:-1, max-image-preview:large, max-video-preview:-1\" \/>\n<link rel=\"canonical\" href=\"https:\/\/www.albuca.com\/fr\/produit\/endocal-10\/\" \/>\n<meta property=\"og:locale\" content=\"fr_FR\" \/>\n<meta property=\"og:type\" content=\"article\" \/>\n<meta property=\"og:title\" content=\"Endocal 10 - ALBUCA\" \/>\n<meta property=\"og:description\" content=\"L&#039;oxyde de calcium lourd endocal 10 permet enfin au dentiste de r\u00e9aliser la Triade endodontique, soit la p\u00e9n\u00e9tration compl\u00e8te des canaux et tubuli, l&#039;asepsie totale de l&#039;endodonte et l&#039;obturation compl\u00e8te et permanente des canaux primaires et secondaires. En raison de son exceptionnelle affinit\u00e9 hydrique, Endocal 10 p\u00e9n\u00e8tre progressivement dans les zones inaccessibles sans g\u00e9n\u00e9rer de pression.\" \/>\n<meta property=\"og:url\" content=\"https:\/\/www.albuca.com\/fr\/produit\/endocal-10\/\" \/>\n<meta property=\"og:site_name\" content=\"ALBUCA\" \/>\n<meta property=\"article:modified_time\" content=\"2019-07-25T15:20:07+00:00\" \/>\n<meta property=\"og:image\" content=\"https:\/\/www.albuca.com\/wp-content\/uploads\/2019\/01\/endocal-produit-2.png\" \/>\n\t<meta property=\"og:image:width\" content=\"650\" \/>\n\t<meta property=\"og:image:height\" content=\"378\" \/>\n\t<meta property=\"og:image:type\" content=\"image\/png\" \/>\n<meta name=\"twitter:card\" content=\"summary_large_image\" \/>\n<script type=\"application\/ld+json\" class=\"yoast-schema-graph\">{\"@context\":\"https:\/\/schema.org\",\"@graph\":[{\"@type\":\"WebSite\",\"@id\":\"https:\/\/www.albuca.com\/#website\",\"url\":\"https:\/\/www.albuca.com\/\",\"name\":\"ALBUCA\",\"description\":\"ENDOCAL10\",\"potentialAction\":[{\"@type\":\"SearchAction\",\"target\":{\"@type\":\"EntryPoint\",\"urlTemplate\":\"https:\/\/www.albuca.com\/?s={search_term_string}\"},\"query-input\":\"required name=search_term_string\"}],\"inLanguage\":\"fr-FR\"},{\"@type\":\"ImageObject\",\"@id\":\"https:\/\/www.albuca.com\/fr\/produit\/endocal-10\/#primaryimage\",\"inLanguage\":\"fr-FR\",\"url\":\"https:\/\/www.albuca.com\/wp-content\/uploads\/2019\/01\/endocal-produit-2.png\",\"contentUrl\":\"https:\/\/www.albuca.com\/wp-content\/uploads\/2019\/01\/endocal-produit-2.png\",\"width\":650,\"height\":378,\"caption\":\"albuca endocal 10 2\"},{\"@type\":\"WebPage\",\"@id\":\"https:\/\/www.albuca.com\/fr\/produit\/endocal-10\/#webpage\",\"url\":\"https:\/\/www.albuca.com\/fr\/produit\/endocal-10\/\",\"name\":\"Endocal 10 - ALBUCA\",\"isPartOf\":{\"@id\":\"https:\/\/www.albuca.com\/#website\"},\"primaryImageOfPage\":{\"@id\":\"https:\/\/www.albuca.com\/fr\/produit\/endocal-10\/#primaryimage\"},\"datePublished\":\"2019-01-10T02:52:39+00:00\",\"dateModified\":\"2019-07-25T15:20:07+00:00\",\"breadcrumb\":{\"@id\":\"https:\/\/www.albuca.com\/fr\/produit\/endocal-10\/#breadcrumb\"},\"inLanguage\":\"fr-FR\",\"potentialAction\":[{\"@type\":\"ReadAction\",\"target\":[\"https:\/\/www.albuca.com\/fr\/produit\/endocal-10\/\"]}]},{\"@type\":\"BreadcrumbList\",\"@id\":\"https:\/\/www.albuca.com\/fr\/produit\/endocal-10\/#breadcrumb\",\"itemListElement\":[{\"@type\":\"ListItem\",\"position\":1,\"name\":\"Home\",\"item\":\"https:\/\/www.albuca.com\/fr\/\"},{\"@type\":\"ListItem\",\"position\":2,\"name\":\"Boutique\",\"item\":\"https:\/\/www.albuca.com\/fr\/boutique\/\"},{\"@type\":\"ListItem\",\"position\":3,\"name\":\"Endocal 10\"}]}]}<\/script>\n<!-- \/ Yoast SEO plugin. -->","yoast_head_json":{"title":"Endocal 10 - ALBUCA","robots":{"index":"index","follow":"follow","max-snippet":"max-snippet:-1","max-image-preview":"max-image-preview:large","max-video-preview":"max-video-preview:-1"},"canonical":"https:\/\/www.albuca.com\/fr\/produit\/endocal-10\/","og_locale":"fr_FR","og_type":"article","og_title":"Endocal 10 - ALBUCA","og_description":"L'oxyde de calcium lourd endocal 10 permet enfin au dentiste de r\u00e9aliser la Triade endodontique, soit la p\u00e9n\u00e9tration compl\u00e8te des canaux et tubuli, l'asepsie totale de l'endodonte et l'obturation compl\u00e8te et permanente des canaux primaires et secondaires. En raison de son exceptionnelle affinit\u00e9 hydrique, Endocal 10 p\u00e9n\u00e8tre progressivement dans les zones inaccessibles sans g\u00e9n\u00e9rer de pression.","og_url":"https:\/\/www.albuca.com\/fr\/produit\/endocal-10\/","og_site_name":"ALBUCA","article_modified_time":"2019-07-25T15:20:07+00:00","og_image":[{"width":650,"height":378,"url":"https:\/\/www.albuca.com\/wp-content\/uploads\/2019\/01\/endocal-produit-2.png","type":"image\/png"}],"twitter_card":"summary_large_image","schema":{"@context":"https:\/\/schema.org","@graph":[{"@type":"WebSite","@id":"https:\/\/www.albuca.com\/#website","url":"https:\/\/www.albuca.com\/","name":"ALBUCA","description":"ENDOCAL10","potentialAction":[{"@type":"SearchAction","target":{"@type":"EntryPoint","urlTemplate":"https:\/\/www.albuca.com\/?s={search_term_string}"},"query-input":"required name=search_term_string"}],"inLanguage":"fr-FR"},{"@type":"ImageObject","@id":"https:\/\/www.albuca.com\/fr\/produit\/endocal-10\/#primaryimage","inLanguage":"fr-FR","url":"https:\/\/www.albuca.com\/wp-content\/uploads\/2019\/01\/endocal-produit-2.png","contentUrl":"https:\/\/www.albuca.com\/wp-content\/uploads\/2019\/01\/endocal-produit-2.png","width":650,"height":378,"caption":"albuca endocal 10 2"},{"@type":"WebPage","@id":"https:\/\/www.albuca.com\/fr\/produit\/endocal-10\/#webpage","url":"https:\/\/www.albuca.com\/fr\/produit\/endocal-10\/","name":"Endocal 10 - ALBUCA","isPartOf":{"@id":"https:\/\/www.albuca.com\/#website"},"primaryImageOfPage":{"@id":"https:\/\/www.albuca.com\/fr\/produit\/endocal-10\/#primaryimage"},"datePublished":"2019-01-10T02:52:39+00:00","dateModified":"2019-07-25T15:20:07+00:00","breadcrumb":{"@id":"https:\/\/www.albuca.com\/fr\/produit\/endocal-10\/#breadcrumb"},"inLanguage":"fr-FR","potentialAction":[{"@type":"ReadAction","target":["https:\/\/www.albuca.com\/fr\/produit\/endocal-10\/"]}]},{"@type":"BreadcrumbList","@id":"https:\/\/www.albuca.com\/fr\/produit\/endocal-10\/#breadcrumb","itemListElement":[{"@type":"ListItem","position":1,"name":"Home","item":"https:\/\/www.albuca.com\/fr\/"},{"@type":"ListItem","position":2,"name":"Boutique","item":"https:\/\/www.albuca.com\/fr\/boutique\/"},{"@type":"ListItem","position":3,"name":"Endocal 10"}]}]}},"_links":{"self":[{"href":"https:\/\/www.albuca.com\/fr\/wp-json\/wp\/v2\/product\/4999"}],"collection":[{"href":"https:\/\/www.albuca.com\/fr\/wp-json\/wp\/v2\/product"}],"about":[{"href":"https:\/\/www.albuca.com\/fr\/wp-json\/wp\/v2\/types\/product"}],"wp:featuredmedia":[{"embeddable":true,"href":"https:\/\/www.albuca.com\/fr\/wp-json\/wp\/v2\/media\/4908"}],"wp:attachment":[{"href":"https:\/\/www.albuca.com\/fr\/wp-json\/wp\/v2\/media?parent=4999"}],"wp:term":[{"taxonomy":"product_cat","embeddable":true,"href":"https:\/\/www.albuca.com\/fr\/wp-json\/wp\/v2\/product_cat?post=4999"},{"taxonomy":"product_tag","embeddable":true,"href":"https:\/\/www.albuca.com\/fr\/wp-json\/wp\/v2\/product_tag?post=4999"}],"curies":[{"name":"wp","href":"https:\/\/api.w.org\/{rel}","templated":true}]}}